{"id":11,"date":"2016-10-19T13:12:58","date_gmt":"2016-10-19T11:12:58","guid":{"rendered":"http:\/\/bouda-design.de\/?page_id=11"},"modified":"2025-02-20T17:41:38","modified_gmt":"2025-02-20T16:41:38","slug":"leistungen","status":"publish","type":"page","link":"https:\/\/bouda-design.de\/index.php\/leistungen\/","title":{"rendered":"Leistungen"},"content":{"rendered":"<h2><span style=\"color: #00ccff;\">Eine perfekte Leistung zu bieten&#8230;<\/span><\/h2>\n<p>&#8230;hei\u00dft, dem Kunden das Gef\u00fchl und die Sicherheit zu geben, die richtige Wahl getroffen zu haben.<\/p>\n<p>Wir suchen f\u00fcr Sie den passenden Firmennamen mit einem aussagekr\u00e4ftigen Slogan, erstellen Ihr pers\u00f6nliches Logo, fertigen das gesamte Firmenpapier, von der Visitenkarte, Briefpapier, Kuvert, Notizblock, Auftragsscheine,&#8230;&#8230;.bis hin zur eindrucksvollen Fahrzeug- und Firmenbeschriftung.<br \/>\nWegweiser, Firmenschilder, Leuchtreklame, Fahnen, Pr\u00e4sentationen, Internetwerbung mit oder ohne eigener Domain und eigener Homepage.<\/p>\n<p>F\u00fcr alle Leistungen, die wir nicht selber ausf\u00fchren k\u00f6nnen, haben wir ausgesuchte und kompetente Partner, mit denen wir schon seit Jahren zusammenarbeiten und stets perfekte Erfolge erzielt haben.<\/p>\n<p><span style=\"color: #00ccff;\">Wichtig ist:<\/span><br \/>\n<span style=\"color: #00ccff;\"> Ihr Auftrag soll kosteng\u00fcnstig und zu Ihrer vollsten Zufriedenheit <\/span><br \/>\n<span style=\"color: #00ccff;\"> in k\u00fcrzester Zeit ausgef\u00fchrt werden.<\/span><\/p>\n","protected":false},"excerpt":{"rendered":"<p>Eine perfekte Leistung zu bieten&#8230; &#8230;hei\u00dft, dem Kunden das Gef\u00fchl und die Sicherheit zu geben, die richtige Wahl getroffen zu haben. Wir suchen f\u00fcr Sie den passenden Firmennamen mit einem aussagekr\u00e4ftigen Slogan, erstellen Ihr pers\u00f6nliches Logo, fertigen das gesamte Firmenpapier, von der Visitenkarte, Briefpapier, Kuvert, Notizblock, Auftragsscheine,&#8230;&#8230;.bis hin zur eindrucksvollen Fahrzeug- und Firmenbeschriftung. Wegweiser, Firmenschilder, [&hellip;]<\/p>\n","protected":false},"author":1,"featured_media":0,"parent":0,"menu_order":5,"comment_status":"closed","ping_status":"closed","template":"","meta":{"footnotes":""},"class_list":["post-11","page","type-page","status-publish","hentry"],"_links":{"self":[{"href":"https:\/\/bouda-design.de\/index.php\/wp-json\/wp\/v2\/pages\/11","targetHints":{"allow":["GET"]}}],"collection":[{"href":"https:\/\/bouda-design.de\/index.php\/wp-json\/wp\/v2\/pages"}],"about":[{"href":"https:\/\/bouda-design.de\/index.php\/wp-json\/wp\/v2\/types\/page"}],"author":[{"embeddable":true,"href":"https:\/\/bouda-design.de\/index.php\/wp-json\/wp\/v2\/users\/1"}],"replies":[{"embeddable":true,"href":"https:\/\/bouda-design.de\/index.php\/wp-json\/wp\/v2\/comments?post=11"}],"version-history":[{"count":6,"href":"https:\/\/bouda-design.de\/index.php\/wp-json\/wp\/v2\/pages\/11\/revisions"}],"predecessor-version":[{"id":100,"href":"https:\/\/bouda-design.de\/index.php\/wp-json\/wp\/v2\/pages\/11\/revisions\/100"}],"wp:attachment":[{"href":"https:\/\/bouda-design.de\/index.php\/wp-json\/wp\/v2\/media?parent=11"}],"curies":[{"name":"wp","href":"https:\/\/api.w.org\/{rel}","templated":true}]}}