{"id":13,"date":"2016-10-19T13:18:30","date_gmt":"2016-10-19T11:18:30","guid":{"rendered":"http:\/\/bouda-design.de\/?page_id=13"},"modified":"2025-04-16T17:29:05","modified_gmt":"2025-04-16T15:29:05","slug":"produkte","status":"publish","type":"page","link":"https:\/\/bouda-design.de\/index.php\/produkte\/","title":{"rendered":"Produkte"},"content":{"rendered":"\n<p><strong><mark style=\"background-color:rgba(0, 0, 0, 0)\" class=\"has-inline-color has-vivid-cyan-blue-color\">Vom Einzelst\u00fcck bis zu gro\u00dfen St\u00fcckzahlen&#8230;&#8230;alles ist m\u00f6glich!<\/mark><\/strong><\/p>\n\n\n\n<div class=\"wp-block-columns is-layout-flex wp-container-core-columns-is-layout-1 wp-block-columns-is-layout-flex\">\n<div class=\"wp-block-column is-layout-flow wp-block-column-is-layout-flow\">\n<p><strong><mark style=\"background-color:rgba(0, 0, 0, 0)\" class=\"has-inline-color has-vivid-cyan-blue-color\">Drucksachen<\/mark><\/strong><br>Visitenkarten<br>Briefpapier<br>Vordrucke<br>Flyer \/ Falter<br>Plakate \/ Poster<br>Wandtattoo<br>Werbeplanen<br>Vereinszeitungen<br>Brosch\u00fcren<br>Rechnungen<br>Notizbl\u00f6cke<br>Auftragsbl\u00f6cke<br>Speise-\/Getr\u00e4nkekarten<\/p>\n\n\n\n<p><strong><mark style=\"background-color:rgba(0, 0, 0, 0)\" class=\"has-inline-color has-vivid-cyan-blue-color\">Familienchroniken<\/mark><\/strong><br>Stammbaum &#8211; Erstellung<br>Familienchronik &#8211; Erstellung<\/p>\n\n\n\n<p><strong><mark style=\"background-color:rgba(0, 0, 0, 0)\" class=\"has-inline-color has-vivid-cyan-blue-color\">Beschriftungen<\/mark><\/strong><br>Objektbeschriftung<br>Fahrzeugbeschriftung<br>Firmenschilder<br>Wegweiser<br>Leuchtreklame<\/p>\n<\/div>\n\n\n\n<div class=\"wp-block-column is-layout-flow wp-block-column-is-layout-flow\">\n<p><strong><mark style=\"background-color:rgba(0, 0, 0, 0)\" class=\"has-inline-color has-vivid-cyan-blue-color\">Textilien<\/mark><\/strong><br>T-Shirt, Hosen, Jacken usw.<\/p>\n\n\n\n<p><strong><mark style=\"background-color:rgba(0, 0, 0, 0)\" class=\"has-inline-color has-vivid-cyan-blue-color\">Textilbeschriftung<\/mark><\/strong><br>T-Shirt<br>Hosen<br>Jacken<br>Arbeitsbekleidung<br>Fahnen<\/p>\n\n\n\n<p><strong><mark style=\"background-color:rgba(0, 0, 0, 0)\" class=\"has-inline-color has-vivid-cyan-blue-color\">Internet<\/mark><\/strong><br>Domainregistrierung<br>Verwaltung<br>Homepage-Erstellung<br>Wartung \/ Pflege<br>Re-Design<\/p>\n\n\n\n<p><strong><mark style=\"background-color:rgba(0, 0, 0, 0)\" class=\"has-inline-color has-vivid-cyan-blue-color\">Pr\u00e4sentationen<\/mark><\/strong><br>Powerpoint<br>Erstellung von Bildabl\u00e4ufen<\/p>\n\n\n\n<p><strong><mark style=\"background-color:rgba(0, 0, 0, 0)\" class=\"has-inline-color has-vivid-cyan-blue-color\">Fotos<\/mark><\/strong><br>Fotografieren<br>Fotos bearbeiten<br>Gro\u00dffl\u00e4chendrucke<\/p>\n<\/div>\n<\/div>\n\n\n<p>&#8230;und sollten Sie hier nicht f\u00fcndig geworden sein, fragen Sie einfach nach, alles ist m\u00f6glich!<\/p>\n\n\n<p><\/p>\n","protected":false},"excerpt":{"rendered":"<p>Vom Einzelst\u00fcck bis zu gro\u00dfen St\u00fcckzahlen&#8230;&#8230;alles ist m\u00f6glich! DrucksachenVisitenkartenBriefpapierVordruckeFlyer \/ FalterPlakate \/ PosterWandtattooWerbeplanenVereinszeitungenBrosch\u00fcrenRechnungenNotizbl\u00f6ckeAuftragsbl\u00f6ckeSpeise-\/Getr\u00e4nkekarten FamilienchronikenStammbaum &#8211; ErstellungFamilienchronik &#8211; Erstellung BeschriftungenObjektbeschriftungFahrzeugbeschriftungFirmenschilderWegweiserLeuchtreklame TextilienT-Shirt, Hosen, Jacken usw. TextilbeschriftungT-ShirtHosenJackenArbeitsbekleidungFahnen InternetDomainregistrierungVerwaltungHomepage-ErstellungWartung \/ PflegeRe-Design Pr\u00e4sentationenPowerpointErstellung von Bildabl\u00e4ufen FotosFotografierenFotos bearbeitenGro\u00dffl\u00e4chendrucke &#8230;und sollten Sie hier nicht f\u00fcndig geworden sein, fragen Sie einfach nach, alles ist m\u00f6glich!<\/p>\n","protected":false},"author":1,"featured_media":0,"parent":0,"menu_order":0,"comment_status":"closed","ping_status":"closed","template":"","meta":{"footnotes":""},"class_list":["post-13","page","type-page","status-publish","hentry"],"_links":{"self":[{"href":"https:\/\/bouda-design.de\/index.php\/wp-json\/wp\/v2\/pages\/13","targetHints":{"allow":["GET"]}}],"collection":[{"href":"https:\/\/bouda-design.de\/index.php\/wp-json\/wp\/v2\/pages"}],"about":[{"href":"https:\/\/bouda-design.de\/index.php\/wp-json\/wp\/v2\/types\/page"}],"author":[{"embeddable":true,"href":"https:\/\/bouda-design.de\/index.php\/wp-json\/wp\/v2\/users\/1"}],"replies":[{"embeddable":true,"href":"https:\/\/bouda-design.de\/index.php\/wp-json\/wp\/v2\/comments?post=13"}],"version-history":[{"count":16,"href":"https:\/\/bouda-design.de\/index.php\/wp-json\/wp\/v2\/pages\/13\/revisions"}],"predecessor-version":[{"id":150,"href":"https:\/\/bouda-design.de\/index.php\/wp-json\/wp\/v2\/pages\/13\/revisions\/150"}],"wp:attachment":[{"href":"https:\/\/bouda-design.de\/index.php\/wp-json\/wp\/v2\/media?parent=13"}],"curies":[{"name":"wp","href":"https:\/\/api.w.org\/{rel}","templated":true}]}}