{"id":16,"date":"2016-10-19T13:29:38","date_gmt":"2016-10-19T11:29:38","guid":{"rendered":"http:\/\/bouda-design.de\/?page_id=16"},"modified":"2025-03-03T09:38:42","modified_gmt":"2025-03-03T08:38:42","slug":"impressum","status":"publish","type":"page","link":"https:\/\/bouda-design.de\/index.php\/impressum\/","title":{"rendered":"Impressum"},"content":{"rendered":"<p>Inhaber der Website und gestaltet von: Bouda-Design<\/p>\n<h3><span style=\"color: #00ccff;\"><strong>Werbeagentur Clever sein Bouda-Design<br \/>\n<\/strong><\/span><br \/>\n<strong>Inhaber Kurt Bouda<\/strong><\/h3>\n<p>Weihm\u00f6rting 111a<br \/>\nD-94152 Neuhaus \/ Inn<\/p>\n<p>Tel. +49 85 03 \/ 84 02<br \/>\nE-Mail: office@Bouda-Design.de<\/p>\n<p>UID-Nr. DE 26 20 27 369<\/p>\n<p>Urheberrecht \/ Verwertungsrechte:<br \/>\nDie Ver\u00f6ffentlichungen auf diesen Seiten unterliegen dem deutschen Urheberrecht. Beitr\u00e4ge Dritter sind als solche gekennzeichnet. Vervielf\u00e4ltigung, Bearbeitung und jede Art der Verwertung au\u00dferhalb der Grenzen des Urheberrechtes bed\u00fcrfen der Zustimmung von Bouda-Design oder des jeweiligen Verfassers. Downloads und Kopien dieser Seiten sind nur f\u00fcr den privaten, nicht kommerziellen Gebrauch gestattet.<\/p>\n<p>Disclaimer<\/p>\n<p>Das Landgericht Hamburg hat mit Urteil vom 12.05.1998 entschieden, dass man durch die Ausbringung eines Links die Inhalte der gelinkten Seite ggf. mit zu verantworten hat. Dies kann \u2013 so das LG \u2013 nur dadurch verhindert werden, dass man sich ausdr\u00fccklich von diesen Inhalten distanziert. Wir betonen ausdr\u00fccklich, dass wir keinerlei Einfluss auf die Gestaltung und die Inhalte der gelinkten Seiten haben. Deshalb distanzieren wir uns hiermit ausdr\u00fccklich von allen Inhalten aller gelinkten Seiten auf der gesamten Homepage inklusive aller Unterseiten. Diese Erkl\u00e4rung gilt f\u00fcr alle auf unserer\u00a0Homepage angebrachten Links und f\u00fcr alle Inhalte der Seiten, zu denen Links oder Banner f\u00fchren..<\/p>\n<p>Allgemeine Datenschutzerkl\u00e4rung<\/p>\n<p>Durch die Nutzung unserer Website erkl\u00e4ren Sie sich mit der Erhebung, Verarbeitung und Nutzung von Daten gem\u00e4\u00df der nachfolgenden Beschreibung einverstanden. Unsere Website kann grunds\u00e4tzlich ohne Registrierung besucht werden. Dabei werden Daten wie beispielsweise aufgerufene Seiten bzw. Namen der abgerufenen Datei, Datum und Uhrzeit zu statistischen Zwecken auf dem Server gespeichert, ohne dass diese Daten unmittelbar auf Ihre Person bezogen werden. Personenbezogene Daten, insbesondere Name, Adresse oder E-Mail-Adresse werden soweit m\u00f6glich auf freiwilliger Basis erhoben. Ohne Ihre Einwilligung erfolgt keine Weitergabe der Daten an Dritte.<\/p>\n","protected":false},"excerpt":{"rendered":"<p>Inhaber der Website und gestaltet von: Bouda-Design Werbeagentur Clever sein Bouda-Design Inhaber Kurt Bouda Weihm\u00f6rting 111a D-94152 Neuhaus \/ Inn Tel. +49 85 03 \/ 84 02 E-Mail: office@Bouda-Design.de UID-Nr. DE 26 20 27 369 Urheberrecht \/ Verwertungsrechte: Die Ver\u00f6ffentlichungen auf diesen Seiten unterliegen dem deutschen Urheberrecht. Beitr\u00e4ge Dritter sind als solche gekennzeichnet. Vervielf\u00e4ltigung, Bearbeitung [&hellip;]<\/p>\n","protected":false},"author":1,"featured_media":0,"parent":0,"menu_order":6,"comment_status":"closed","ping_status":"closed","template":"","meta":{"footnotes":""},"class_list":["post-16","page","type-page","status-publish","hentry"],"_links":{"self":[{"href":"https:\/\/bouda-design.de\/index.php\/wp-json\/wp\/v2\/pages\/16","targetHints":{"allow":["GET"]}}],"collection":[{"href":"https:\/\/bouda-design.de\/index.php\/wp-json\/wp\/v2\/pages"}],"about":[{"href":"https:\/\/bouda-design.de\/index.php\/wp-json\/wp\/v2\/types\/page"}],"author":[{"embeddable":true,"href":"https:\/\/bouda-design.de\/index.php\/wp-json\/wp\/v2\/users\/1"}],"replies":[{"embeddable":true,"href":"https:\/\/bouda-design.de\/index.php\/wp-json\/wp\/v2\/comments?post=16"}],"version-history":[{"count":11,"href":"https:\/\/bouda-design.de\/index.php\/wp-json\/wp\/v2\/pages\/16\/revisions"}],"predecessor-version":[{"id":144,"href":"https:\/\/bouda-design.de\/index.php\/wp-json\/wp\/v2\/pages\/16\/revisions\/144"}],"wp:attachment":[{"href":"https:\/\/bouda-design.de\/index.php\/wp-json\/wp\/v2\/media?parent=16"}],"curies":[{"name":"wp","href":"https:\/\/api.w.org\/{rel}","templated":true}]}}