{"id":68,"date":"2022-03-22T11:19:50","date_gmt":"2022-03-22T10:19:50","guid":{"rendered":"http:\/\/bouda-design.de\/?page_id=68"},"modified":"2025-02-20T16:48:19","modified_gmt":"2025-02-20T15:48:19","slug":"agb","status":"publish","type":"page","link":"https:\/\/bouda-design.de\/index.php\/agb\/","title":{"rendered":"AGB"},"content":{"rendered":"<p><strong>Allgemeine Gesch\u00e4ftsbedingungen der Werbeagentur Bouda-Design <\/strong><\/p>\n<p><strong>1. Lieferungs- und Zahlungsbedingungen der Werbeagentur Bouda-Design Geltungsbereich, Vertragsschluss<\/strong><\/p>\n<ol>\n<li style=\"list-style-type: none;\">\n<ol>\n<li>Auftr\u00e4ge werden ausschlie\u00dflich auf der Grundlage nachfolgender Bedingungen ausgef\u00fchrt, es sei denn, der Auftraggeber widerspricht. Der Widerspruch ist als solcher zu kennzeichnen und gesondert gegen\u00fcber dem Auftragnehmer geltend zu machen. Soweit kein Widerspruch erfolgt, wird die ausschlie\u00dfliche Geltung der Bedingungen anerkannt.<\/li>\n<li>Im kaufm\u00e4nnischen Verkehr erfolgt das Anerkenntnis jedoch sp\u00e4testens mit Annahme des Angebotes oder mit der ersten Lieferung oder Leistung des Auftragnehmers.<\/li>\n<li>Abweichende Regelungen bed\u00fcrfen der Schriftform.<\/li>\n<\/ol>\n<\/li>\n<li><strong>Preise<\/strong>\n<ol>\n<li>Die im Angebot des Auftragnehmers genannten Preise gelten unter dem Vorbehalt, dass die der Angebotsabgabe zugrunde gelegten Auftragsdaten unver\u00e4ndert bleiben, l\u00e4ngstens jedoch ein Monat nach Eingang des Angebotes beim Auftraggeber. Bei Auftr\u00e4gen mit Lieferung an Dritte gilt der Besteller als Auftraggeber, soweit keine anderweitige ausdr\u00fcckliche Vereinbarung getroffen wurde. Die Preise des Auftragnehmers enthalten keine Mehrwertsteuer und gelten ab Werk. Sie schlie\u00dfen Verpackung, Porto, Fracht, Versicherung und sonstige Versandkosten nicht ein.<\/li>\n<li>Nachtr\u00e4gliche \u00c4nderungen auf Veranlassung des Auftraggebers einschlie\u00dflich der dadurch verursachten Mehrkosten werden dem Auftraggeber berechnet.<\/li>\n<li>Materialkosten, wie Farbkopien, Computerausdrucke, Datenfernversand oder Datenabspeicherung auf Dateitr\u00e4ger wie CD-ROM etc., die vom Auftraggeber veranlasst sind, werden berechnet.<\/li>\n<\/ol>\n<\/li>\n<li><strong>Zahlung<\/strong>\n<ol>\n<li>Die Zahlung hat sofort nach Erhalt der Rechnung ohne jeden Abzug zu erfolgen. Zahlungsziel 7 Tage nach Rechnungsdatum. Die Rechnung wird unter dem Tag der Lieferung, Teillieferung oder Lieferbereitschaft (Holschuld, Annahmeverzug) ausgestellt. Wechsel werden nur nach besonderer Vereinbarung angenommen. Diskont und Spesen tr\u00e4gt der Auftraggeber. Sie sind vom Auftraggeber sofort zu zahlen. F\u00fcr die rechtzeitige Vorlegung, Protestierung, Benachrichtigung und Zur\u00fcckleitung des Wechsels bei Nichteinl\u00f6sung haftet der Auftragnehmer nicht, sofern ihm oder seinem Erf\u00fcllungsgehilfen nicht Vorsatz oder grobe Fahrl\u00e4ssigkeit zur Last fallen.<\/li>\n<li>Bei Nettopreis \u00fcber Euro 500,00 \u00a0kann angemessene Vorauszahlung verlangt werden.<\/li>\n<li>Der Auftraggeber kann nur mit einer unbestrittenen oder rechtskr\u00e4ftig festgestellten Forderung aufrechnen. Einem Auftraggeber, der Vollkaufmann im Sinne des HGB ist, stehen Zur\u00fcckbehaltungsrechte nicht zu. Die Rechte nach \u00a7 320 BGB bleiben jedoch erhalten, solange und soweit der Auftragnehmer seinen Verpflichtungen nach Abschnitt VI. 3 nicht nachgekommen ist.<\/li>\n<li>Ist die Erf\u00fcllung des Zahlungsanspruches wegen einer nach Vertragsabschluss eingetretenen oder bekanntgewordenen Verschlechterung der Verm\u00f6gensverh\u00e4ltnisse des Auftraggebers gef\u00e4hrdet, so kann der Auftragnehmer Vorauszahlung verlangen, noch nicht ausgelieferte Ware zur\u00fcckbehalten, sowie die Weiterarbeit einstellen. Diese Rechte stehen dem Auftragnehmer auch zu, wenn der Auftraggeber sich mit der Bezahlung von Lieferungen in Verzug befindet, die auf demselben rechtlichen Verh\u00e4ltnis beruhen.<\/li>\n<li>Bei Zahlungsverzug sind Verzugszinsen in H\u00f6he von 2 % \u00fcber dem jeweiligen Diskontsatz der Deutschen Bundesbank zu zahlen. Die Geltendmachung weiteren Verzugsschadens wird hierdurch nicht ausgeschlossen.<\/li>\n<\/ol>\n<\/li>\n<li><strong>Lieferung<\/strong>\n<ol>\n<li>Hat sich der Auftragnehmer zum Versand verpflichtet, so nimmt er diesen f\u00fcr den Auftraggeber mit der gebotenen Sorgfalt vor, haftet jedoch nur f\u00fcr Vorsatz und grobe Fahrl\u00e4ssigkeit. Die Gefahr geht auf den Auftraggeber \u00fcber, sobald die Sendung an die den Transport durchf\u00fchrende Person \u00fcbergeben worden ist.<\/li>\n<li>Liefertermine sind nur g\u00fcltig, wenn sie vom Auftragnehmer ausdr\u00fccklich best\u00e4tigt werden. Wird der Vertrag schriftlich abgeschlossen, bedarf auch die Best\u00e4tigung \u00fcber den Liefertermin der Schriftform.<\/li>\n<li>Ger\u00e4t der Auftragnehmer in Verzug, so ist ihm zun\u00e4chst eine angemessene Nachfrist zu gew\u00e4hren. Nach fruchtlosem Ablauf der Nachfrist kann der Auftraggeber vom Vertrag zur\u00fccktreten. \u00a7 361 BGB bleibt unber\u00fchrt.<\/li>\n<li>Betriebsst\u00f6rungen \u2013 sowohl im Betrieb des Auftragnehmers als auch in dem eines Zulieferers, insbesondere Streit, Aussperrung sowie alle sonstigen F\u00e4lle h\u00f6herer Gewalt, berechtigen nicht zur K\u00fcndigung des Vertragsverh\u00e4ltnisses. Die Grunds\u00e4tze \u00fcber den Wegfall der Gesch\u00e4ftsgrundlage bleiben unber\u00fchrt.<\/li>\n<li>Dem Auftragnehmer steht an vom Auftraggeber angelieferten Druckvorlagen, Manuskripten, Rohmaterialien und sonstigen Gegenst\u00e4nden ein Zur\u00fcckbehaltungsrecht gem\u00e4\u00df \u00a7 369 HGB sowie ein vertragliches Pfandrecht an den aufgrund des Auftrages in seinen Besitz gelangten Gegenst\u00e4nden bis zur vollst\u00e4ndigen Erf\u00fcllung aller f\u00e4lligen Forderungen aus der Gesch\u00e4ftsverbindung zu.<\/li>\n<\/ol>\n<\/li>\n<li><strong>Eigentumsvorbehalt<\/strong>\n<ol>\n<li>Die vom Auftragnehmer gelieferte Ware oder \u00fcbertragene Nutzungsrechte sowie Layout oder Reinzeichnungsunterlagen jeglicher Art bleiben bis zur vollst\u00e4ndigen Bezahlung Eigentum des Auftragnehmers.<\/li>\n<li>Die nachfolgenden Regelungen gelten nur im kaufm\u00e4nnischen Verkehr:\n<ol>\n<li>Die gelieferte Ware bleibt bis zur vollst\u00e4ndigen Bezahlung aller zum Rechnungsdatum bestehenden Forderungen des Auftragnehmers gegen den Auftraggeber sein Eigentum.<\/li>\n<li>Zur Weiterver\u00e4u\u00dferung ist der Auftraggeber nur im ordnungsgem\u00e4\u00dfen Gesch\u00e4ftsgang berechtigt. Der Auftraggeber tritt hiermit seine Forderungen aus der Weiterver\u00e4u\u00dferung ggf. in H\u00f6he des Miteigentumsanteils des Auftragnehmers (Absatz d) \u2013 an den Auftragnehmer ab. Der Auftragnehmer nimmt die Abtretung an.<\/li>\n<li>Sp\u00e4testens im Falle des Verzuges ist der Auftraggeber verpflichtet den Schuldner der abgetretenen Forderung zu nennen.<\/li>\n<li>Bei Be\u2013 oder Verarbeitung vom Auftragnehmer und in dessen Eigentum stehender Waren ist der Auftragnehmer als Hersteller gem\u00e4\u00df \u00a7 950 BGB anzusehen und beh\u00e4lt in jedem Zeitpunkt der Verarbeitung Eigentum an den Erzeugnissen. Sind Dritte an der Be- oder Verarbeitung beteiligt, ist der Auftragnehmer auf einen Miteigentumsanteil in H\u00f6he der Vorbehaltsware beschr\u00e4nkt. Das so erworbene Eigentum gilt als Vorbehaltseigentum.<\/li>\n<li>\u00dcbersteigt der Wert der f\u00fcr den Auftragnehmer bestehenden Sicherheiten dessen Forderung insgesamt um mehr als 20 %, so ist der Auftragnehmer auf Verlangen des Auftraggebers oder eines durch die \u00dcbersicherung des Auftragnehmers beeintr\u00e4chtigten Dritten insoweit zur Freigabe von Sicherungen nach Wahl des Auftragnehmers verpflichtet.<\/li>\n<\/ol>\n<\/li>\n<\/ol>\n<\/li>\n<li><strong>Beanstandungen, Gew\u00e4hrleistungen<\/strong>\n<ol>\n<li>Der Auftraggeber hat die Vertragsgem\u00e4\u00dfheit der gelieferten Ware sowie der zur Korrektur \u00fcbersandten Vor- und Zwischenerzeugnisse in jedem Fall zu pr\u00fcfen. Die Gefahr etwaiger Fehler geht mit der Reinlayouterkl\u00e4rung auf den Auftraggeber \u00fcber, soweit es sich nicht um Fehler handelt, die erst in dem sich an die Reinlayouterkl\u00e4rung anschlie\u00dfenden Fertigungsvorgangs entstanden sind oder anerkannt werden konnten. Das gleiche gilt f\u00fcr alle sonstigen Freigabeerkl\u00e4rungen des Auftraggebers.<\/li>\n<li>Beanstandungen sind nur innerhalb einer Woche nach Empfang der Ware zul\u00e4ssig. Versteckte M\u00e4ngel, die nach der unverz\u00fcglichen Untersuchung nicht zu finden sind, m\u00fcssen innerhalb der gesetzlichen Gew\u00e4hrleistungsfrist geltend gemacht werden.<\/li>\n<li>Bei berechtigten Beanstandungen ist der Auftragnehmer nach seiner Wahl unter Ausschluss anderer Anspr\u00fcche zur Nachbesserung und\/oder Ersatzlieferung verpflichtet und zwar bis zur H\u00f6he des Auftragswertes, es sei denn, eine zugesicherte Eigenschaft fehlt oder dem Auftraggeber oder seinem Erf\u00fcllungsgehilfen fallen Vorsatz oder grobe Fahrl\u00e4ssigkeit zur Last. Das gleiche gilt f\u00fcr den Fall einer berechtigten Beanstandung der Nachbesserung oder Ersatzlieferung. Im Falle verz\u00f6gerter, unterlassener oder misslungener Nachbesserung oder Ersatzlieferung kann der Auftraggeber Herabsetzung der Verg\u00fctung (Minderung) oder R\u00fcckg\u00e4ngigmachung des Vertrages (Wandelung verlangen). M\u00e4ngel eines Teils der gelieferten Ware berechtigen nicht zur Beanstandung der gesamten Lieferung, es sei denn, dass die Teillieferung f\u00fcr den Auftraggeber ohne Interesse ist.<\/li>\n<li>Bei farbigen Reproduktionen in allen Herstellungsverfahren k\u00f6nnen geringf\u00fcgige Abweichungen vom Original nicht beanstandet werden. Das gleiche gilt f\u00fcr den Vergleich zwischen Andrucken und Auflagendruck.<\/li>\n<li>F\u00fcr Abweichungen in der Beschaffenheit des eingesetzten Materials haftet der Auftragnehmer nur bis zur H\u00f6he der eigenen Anspr\u00fcche gegen den jeweiligen Zulieferanten. In einem solchen Fall ist der Auftragnehmer von seiner Haftung befreit, wenn er seine Anspr\u00fcche gegen den Zulieferanten an den Auftraggeber abtritt. Der Auftragnehmer haftet, soweit Anspr\u00fcche gegen den Zulieferanten durch Verschulden des Auftragnehmers nicht bestehen oder nicht durchsetzbar sind.<\/li>\n<li>Zulieferungen (auch Datentr\u00e4ger) durch den Auftraggeber oder durch einen von ihm eingeschalteten Dritten unterliegen keiner Pr\u00fcfungspflicht seitens des Auftragnehmers.<\/li>\n<li>Mehr- oder Minderlieferungen bis zu 10 % der bestellten Auflage k\u00f6nnen nicht beanstandet werden. Berechnet wird die gelieferte Menge. Bei Lieferungen aus Papiersonderanfertigungen unter 1.000 kg setzt sich der Prozentsatz auf 20 %, unter 2.000 kg auf 15 %.<\/li>\n<\/ol>\n<\/li>\n<li><strong>Internet\/webbasierte Softwarel\u00f6sungen<\/strong>\n<ol>\n<li>Bei Nichterf\u00fcllung der Zahlungsverpflichtungen werden Internetpr\u00e4sentationen\/webbasierte Softwarel\u00f6sungen nach vorheriger Ank\u00fcndigung aus dem Internet entfernt, wof\u00fcr die Kosten f\u00fcr eine einmalige Einrichtung laut aktueller Preisliste zus\u00e4tzlich erhoben werden.<\/li>\n<li>F\u00fcr die Wiedereinstellung von Pr\u00e4sentationen\/webbasierten Softwarel\u00f6sungen im Internet nach vorheriger Entfernung wegen Nichterf\u00fcllung der Zahlungsverpflichtungen werden die Kosten f\u00fcr eine einmalige Einrichtung laut aktueller Preisliste zus\u00e4tzlich erhoben.<\/li>\n<li>Vom Vertragspartner gelieferte Texte und Bilder oder Inhalte sowie Links auf Seiten im Internet d\u00fcrfen keine Warenzeichen-, Patent oder andere Rechte Dritter verletzen. F\u00fcr Sch\u00e4den durch die gelieferten Daten haftet der Vertragspartner.<\/li>\n<li>Von der Werbeagentur Bouda-Design gelieferte Bilder, Grafiken, Texte sowie Programmierung und webbasierte Softwarel\u00f6sungen sind urheberrechtlich gesch\u00fctzt und stehen dem Vertragspartner f\u00fcr die Vertragsdauer zur Verf\u00fcgung. Eine weitergehende Nutzung, Vervielf\u00e4ltigung oder Ver\u00e4nderung ist nur mit schriftlicher Genehmigung durch die Werbeagentur Bouda-Design gestattet.<\/li>\n<li>Von der Werbeagentur Bouda-Design erstellte Seiten\/webbasierte Softwarel\u00f6sungen sind urheberrechtlich gesch\u00fctzt und werden als solche gekennzeichnet.<\/li>\n<li>F\u00fcr jede Pr\u00e4sentation im Internet, sowie f\u00fcr die Verweise die per Link verkn\u00fcpft sind, werden Namen und Anschrift, bei Personenvereinigungen und Gruppen auch Namen und Anschrift des Vertretungsberechtigten angegeben.<\/li>\n<li>Die Inhalte der Pr\u00e4sentationen m\u00fcssen der Wahrheit entsprechen. Die Werbeagentur Bouda-Design \u00fcbernimmt keine Gew\u00e4hrleistung oder Haftung f\u00fcr die tats\u00e4chliche Qualifikation eines Vertragspartners.<\/li>\n<li>Die Werbeagentur Bouda-Design \u00fcbernimmt keine Gew\u00e4hrleistung oder Haftung f\u00fcr die von einem Vertragspartner gegen\u00fcber einem Dritten zu erbringenden Verpflichtungen aus Angeboten und Vertr\u00e4gen, die durch Kontaktaufnahme \u00fcber die Pr\u00e4sentation im Internet entstanden sind.<\/li>\n<li>Die Werbeagentur Bouda-Design \u00fcbernimmt keine Gew\u00e4hrleistung oder Haftung f\u00fcr Forderungen von Dritten gegen\u00fcber einem Vertragspartner aus Angeboten und Vertr\u00e4gen, die durch Kontaktaufnahme \u00fcber die Pr\u00e4sentation im Internet entstanden sind.<\/li>\n<li>Die Internetpr\u00e4senz oder Inhalte auf Seiten im Internet, die per Link verkn\u00fcpft sind, d\u00fcrfen nicht zur Speicherung oder Verbreitung von Gl\u00fccksspielen, obsz\u00f6nen, pornographischen, bedrohlichen oder verleumderischen Materials verwendet werden. Ein Versto\u00df f\u00fchrt zur sofortigen K\u00fcndigung des Vertragsverh\u00e4ltnisses aus wichtigem Grund ohne Kostenerstattung, sofern der Vertragspartner den Versto\u00df selbst zu vertreten hat.<\/li>\n<li>Aktualisierungen, \u00c4nderungen, Anpassungen und \u00dcberarbeitungen werden durch die Werbeagentur Bouda-Design schnellstm\u00f6glich umgesetzt. F\u00fcr Termine von besonderer Wichtigkeit k\u00f6nnen Fristen vereinbart werden.<\/li>\n<\/ol>\n<\/li>\n<li><strong>Haftung<\/strong>\n<ol>\n<li>Der Auftragnehmer haftet grunds\u00e4tzlich nur, soweit er Sch\u00e4den durch vors\u00e4tzliches oder grob fahrl\u00e4ssiges Handeln verursacht hat.<\/li>\n<li>Im \u00fcbrigen gelten f\u00fcr die Haftung des Auftragnehmers bei Fahrl\u00e4ssigkeit nachfolgende Regelungen:\n<ol>\n<li>Schadensersatzanspr\u00fcche wegen Mangel- und Folgesch\u00e4den, aus positiver Vertragsverletzung, Verschulden bei Vertragsabschluss und unerlaubter Handlung sind ausgeschlossen. Hat der Auftrag Weiterverarbeitungen zum Gegenstand, so haftet der Auftragnehmer nicht f\u00fcr die dadurch verursachte Beeintr\u00e4chtigung des weiter zu verarbeiteten Erzeugnisses.<\/li>\n<li>Schadensersatzanspr\u00fcche wegen Unm\u00f6glichkeit und Verzug sind beschr\u00e4nkt auf die H\u00f6he des Auftragswertes (Eigenleistung, ausschlie\u00dflich Vorleistung und Material).<\/li>\n<li>Vorstehende Haftungsbeschr\u00e4nkungen gelten im gleichen Umfang f\u00fcr die Erf\u00fcllungs- und Verrichtungsgehilfen des Auftragnehmers.<\/li>\n<li>Im kaufm\u00e4nnischen Verkehr haftet der Auftragnehmer stets nur f\u00fcr Sch\u00e4den, die durch vors\u00e4tzliches oder grob fahrl\u00e4ssiges Handeln verursacht werden.<\/li>\n<li>Vorstehende Haftungsbeschr\u00e4nkungen gelten nicht bei schuldhaften Verst\u00f6\u00dfen gegen wesentliche Vertragspflichten, soweit die Erreichung des Vertragszwecks gef\u00e4hrdet wird, bei Fehlen zugesicherter Eigenschaften sowie in F\u00e4llen zwingender Haftung nach dem Produkthaftungsgesetz.<\/li>\n<\/ol>\n<\/li>\n<\/ol>\n<\/li>\n<li><strong>Urheberrecht<\/strong>\n<ol>\n<li>Der Auftraggeber haftet allein, wenn durch die Ausf\u00fchrung seines Auftrages Rechte, insbesondere Urheberrechte Dritter, verletzt werden. Der Auftraggeber hat dem Auftragnehmer von allen Anspr\u00fcchen Dritter wegen einer solchen Rechtsverletzung freizustellen.<\/li>\n<li>Von der Werbeagentur Bouda-Design gelieferte Bilder, Grafiken, Texte sowie Programmierung und webbasierte Softwarel\u00f6sungen sind urheberrechtlich gesch\u00fctzt und stehen dem Vertragspartner f\u00fcr die Vertragsdauer zur Verf\u00fcgung. Eine weitergehende Nutzung, Vervielf\u00e4ltigung oder Ver\u00e4nderung ist nur mit schriftlicher Genehmigung durch die Werbeagentur Bouda-Design gestattet.<\/li>\n<li>Von der Werbeagentur Bouda-Design erstellte Seiten\/webbasierte Softwarel\u00f6sungen sind urheberrechtlich gesch\u00fctzt und werden als solche gekennzeichnet.<\/li>\n<\/ol>\n<\/li>\n<li><strong>Impressum<\/strong>\n<ol>\n<li>Der Auftragnehmer kann auf den Vertragserzeugnissen mit Zustimmung des Auftraggebers in geeigneter Weise auf seine Firma hinweisen. Der Auftraggeber kann die Zustimmung nur verweigern, wenn er hieran ein \u00fcberwiegendes Interesse hat.<\/li>\n<\/ol>\n<\/li>\n<li><strong>Erf\u00fcllungsort, Gerichtsstand, Wirksamkeit<\/strong>\n<ol>\n<li>Erf\u00fcllungsort und Gerichtsstand sind, wenn der Auftraggeber Vollkaufmann im Sinne des HBG ist oder im Inland keinen allgemeinen Gerichtsstand hat, f\u00fcr alle sich aus dem Vertragsverh\u00e4ltnis ergeben den Streitigkeiten einschlie\u00dflich Scheck-, Wechsel- und Urkundenprozesse, der Sitz des Auftragnehmers. Auf das Vertragsverh\u00e4ltnis findet deutsches Recht Anwendung. UN-Kaufrecht ist ausgeschlossen.<\/li>\n<li>Durch etwaige Unwirksamkeit einer oder mehrerer Bestimmungen wird die Wirksamkeit der \u00fcbrigen Bestimmungen nicht ber\u00fchrt.<\/li>\n<\/ol>\n<\/li>\n<\/ol>\n","protected":false},"excerpt":{"rendered":"<p>Allgemeine Gesch\u00e4ftsbedingungen der Werbeagentur Bouda-Design 1. Lieferungs- und Zahlungsbedingungen der Werbeagentur Bouda-Design Geltungsbereich, Vertragsschluss Auftr\u00e4ge werden ausschlie\u00dflich auf der Grundlage nachfolgender Bedingungen ausgef\u00fchrt, es sei denn, der Auftraggeber widerspricht. Der Widerspruch ist als solcher zu kennzeichnen und gesondert gegen\u00fcber dem Auftragnehmer geltend zu machen. Soweit kein Widerspruch erfolgt, wird die ausschlie\u00dfliche Geltung der Bedingungen anerkannt. [&hellip;]<\/p>\n","protected":false},"author":1,"featured_media":0,"parent":0,"menu_order":0,"comment_status":"closed","ping_status":"closed","template":"","meta":{"footnotes":""},"class_list":["post-68","page","type-page","status-publish","hentry"],"_links":{"self":[{"href":"https:\/\/bouda-design.de\/index.php\/wp-json\/wp\/v2\/pages\/68","targetHints":{"allow":["GET"]}}],"collection":[{"href":"https:\/\/bouda-design.de\/index.php\/wp-json\/wp\/v2\/pages"}],"about":[{"href":"https:\/\/bouda-design.de\/index.php\/wp-json\/wp\/v2\/types\/page"}],"author":[{"embeddable":true,"href":"https:\/\/bouda-design.de\/index.php\/wp-json\/wp\/v2\/users\/1"}],"replies":[{"embeddable":true,"href":"https:\/\/bouda-design.de\/index.php\/wp-json\/wp\/v2\/comments?post=68"}],"version-history":[{"count":2,"href":"https:\/\/bouda-design.de\/index.php\/wp-json\/wp\/v2\/pages\/68\/revisions"}],"predecessor-version":[{"id":79,"href":"https:\/\/bouda-design.de\/index.php\/wp-json\/wp\/v2\/pages\/68\/revisions\/79"}],"wp:attachment":[{"href":"https:\/\/bouda-design.de\/index.php\/wp-json\/wp\/v2\/media?parent=68"}],"curies":[{"name":"wp","href":"https:\/\/api.w.org\/{rel}","templated":true}]}}